{"id":579,"date":"2017-03-30T01:16:36","date_gmt":"2017-03-30T01:16:36","guid":{"rendered":"http:\/\/dragoid.com\/en\/entrenamiento-holistico\/"},"modified":"2022-06-05T10:42:51","modified_gmt":"2022-06-05T10:42:51","slug":"holistic-training","status":"publish","type":"page","link":"https:\/\/dragoid.com\/en\/holistic-training\/","title":{"rendered":"Holistic Training"},"content":{"rendered":"[vc_row type=&#8221;full_width_content&#8221; full_screen_row_position=&#8221;middle&#8221; scene_position=&#8221;center&#8221; text_color=&#8221;dark&#8221; text_align=&#8221;left&#8221; top_padding=&#8221;10&#8243; bottom_padding=&#8221;10&#8243; overlay_strength=&#8221;0.3&#8243; shape_divider_position=&#8221;bottom&#8221; bg_image_animation=&#8221;none&#8221; shape_type=&#8221;&#8221;][vc_column column_padding=&#8221;no-extra-padding&#8221; column_padding_position=&#8221;all&#8221; background_color_opacity=&#8221;1&#8243; background_hover_color_opacity=&#8221;1&#8243; column_link_target=&#8221;_self&#8221; column_shadow=&#8221;none&#8221; column_border_radius=&#8221;none&#8221; width=&#8221;1\/1&#8243; tablet_width_inherit=&#8221;default&#8221; tablet_text_alignment=&#8221;default&#8221; phone_text_alignment=&#8221;default&#8221; column_border_width=&#8221;none&#8221; column_border_style=&#8221;solid&#8221; bg_image_animation=&#8221;none&#8221;][vc_gallery type=&#8221;flickity_style&#8221; images=&#8221;584&#8243; flickity_controls=&#8221;pagination&#8221; flickity_desktop_columns=&#8221;1&#8243; flickity_small_desktop_columns=&#8221;1&#8243; flickity_tablet_columns=&#8221;1&#8243; flickity_box_shadow=&#8221;none&#8221; onclick=&#8221;link_no&#8221; img_size=&#8221;600&#215;300&#8243;][\/vc_column][\/vc_row][vc_row type=&#8221;in_container&#8221; full_screen_row_position=&#8221;middle&#8221; scene_position=&#8221;center&#8221; text_color=&#8221;dark&#8221; text_align=&#8221;left&#8221; top_padding=&#8221;50&#8243; bottom_padding=&#8221;0&#8243; overlay_strength=&#8221;0.3&#8243; shape_divider_position=&#8221;bottom&#8221; bg_image_animation=&#8221;none&#8221;][vc_column column_padding=&#8221;no-extra-padding&#8221; column_padding_position=&#8221;all&#8221; background_color_opacity=&#8221;1&#8243; background_hover_color_opacity=&#8221;1&#8243; column_link_target=&#8221;_self&#8221; column_shadow=&#8221;none&#8221; column_border_radius=&#8221;none&#8221; width=&#8221;1\/2&#8243; tablet_width_inherit=&#8221;default&#8221; tablet_text_alignment=&#8221;default&#8221; phone_text_alignment=&#8221;default&#8221; column_border_width=&#8221;none&#8221; column_border_style=&#8221;solid&#8221; bg_image_animation=&#8221;none&#8221;][vc_column_text]\n<h3>Holistic Training<\/h3>\n<p>The whole is greater than the sum of its parts (<i>1<\/i>). This is known as holistic: The information contained in the system as a whole is greater than the sum of the information of each part analyzed individually.<\/p>\n<p>The word holistic comes from the Greek <i>\u1f45\u03bb\u03bf\u03c2<\/i> [h\u00f3los] which means &#8220;everything,&#8221; &#8220;whole,&#8221; &#8220;totality.&#8221; Hence the concept of holistic refers to understand things as a whole and in relation to their own environment. So in isolation would be not possible of understanding.<\/p>\n<p><b>Holistic training<\/b> is a working methodology based on the combination of the concepts of <b>sport training<\/b> and the concepts of <b>complexity theory<\/b>. It can be used both in formation stages, in high performance stages, as well as orientation for improving health.<\/p>\n<p>Natural and sport reality show us that in their different levels (including the brain), structure, form, and functionality evolve over time and are closely related to performance (<i>2-12<\/i>). This is the result of an evolutionary process through non-linear interactions in many biological and non-biological systems (<i>13-18<\/i>).<\/p>\n<p><b>Holistic training<\/b> is based on designing exercises with non-linear outputs (several solutions) that evolve from exercises of great symmetry (less complicated and more &#8220;automated&#8221;) to less symmetrical exercises (more complicated and less mechanized). Uncertainty is the creative basis of the process.<\/p>\n<p>The aim is the introduction of controlled physical and cognitive stimuli (perturbations) in order to increase self-organization of the system (improvement of the different brain areas, muscular system, nervous system, etc.). In addition to improve the relationship of the system with what surrounds it. The tasks are developed in parallel to the processes of cognitive perception.<\/p>\n<p><strong>What we seek is the improvement of the unit and the relationship with its environment.<\/strong>[\/vc_column_text][\/vc_column][vc_column column_padding=&#8221;no-extra-padding&#8221; column_padding_position=&#8221;all&#8221; background_color_opacity=&#8221;1&#8243; background_hover_color_opacity=&#8221;1&#8243; column_link_target=&#8221;_self&#8221; column_shadow=&#8221;none&#8221; column_border_radius=&#8221;none&#8221; width=&#8221;1\/2&#8243; tablet_width_inherit=&#8221;default&#8221; tablet_text_alignment=&#8221;default&#8221; phone_text_alignment=&#8221;default&#8221; column_border_width=&#8221;none&#8221; column_border_style=&#8221;solid&#8221; bg_image_animation=&#8221;none&#8221;][vc_column_text]\n<h3>References<\/h3>\n<ol>\n<li>Arist\u00f3teles Metaf\u00edsica 1:7 Refutaci\u00f3n de las opiniones de los antiguos tocante a los principios.<\/li>\n<li>K. Mainzer, <i>Symmetry And Complexity: The Spirit And Beauty Of Nonlinear Science<\/i> (World Scientific, 2005).<\/li>\n<li>J. M. Garc\u00eda Manso <i>et al.<\/i>, Male powerlifting performance described from the viewpoint of complex systems. <i>Journal of Theoretical Biology<\/i>. <b>251<\/b>, 498\u2013508 (2008).<\/li>\n<li>K. Yarrow, P. Brown, J. W. Krakauer, Inside the brain of an elite athlete: the neural processes that support high achievement in sports. <i>Nature Reviews Neuroscience<\/i>. <b>10<\/b>, 585\u2013596 (2009).<\/li>\n<li>J. D. Charles, A. Bejan, The evolution of speed, size and shape in modern athletics. <i>J Exp Biol<\/i>. <b>212<\/b>, 2419\u20132425 (2009).<\/li>\n<li>H. V. Ribeiro, R. S. Mendes, L. C. Malacarne, S. P. Jr, P. A. Santoro, Dynamics of tournaments: the soccer case &#8211; A random walk approach modeling soccer leagues. <i>The European Physical Journal B<\/i>. <b>75<\/b>, 8 (2010).<\/li>\n<li>A. Bejan, E. C. Jones, J. D. Charles, The evolution of speed in athletics: Why the fastest runners are black and swimmers white. <i>International Journal of Design and Nature and Ecodynamics<\/i>. <b>5<\/b>, 199\u2013211 (2010).<\/li>\n<li>A. Bejan, P. Haynsworth, The natural design of hierarchy: Basketball versus academics. <i>International Journal of Design and Nature and Ecodynamics<\/i>. <b>7<\/b>, 14\u201326 (2012).<\/li>\n<li>A. Bejan <i>et al.<\/i>, The constructal evolution of sports with throwing motion: baseball, golf, hockey and boxing. <i>International Journal of Design and Nature and Ecodynamics<\/i>. <b>8<\/b>, 1\u201316 (2013).<\/li>\n<li>J. M. Mart\u00edn Gonz\u00e1lez, Y. de Sa\u00e1 Guerra, J. M. Garc\u00eda Manso, E. Arriaza, Design and flow in basketball. <i>International journal of heat and technology<\/i>. <b>34<\/b>, 51\u201358 (2016).<\/li>\n<li>Y. de Sa\u00e1 Guerra <i>et al.<\/i>, Exercise and Alzheimer\u2019s: The body as a whole. <i>Revista Andaluza de Medicina del Deporte<\/i> (2017), doi:10.1016.<\/li>\n<li>J. M. Montoya Ter\u00e1n, R. V. Sol\u00e9, M. \u00c1. Rodr\u00edguez Fern\u00e1ndez, La arquitectura de la naturaleza: complejidad y fragilidad en redes ecol\u00f3gicas (2001).<\/li>\n<li>H. E. Stanley, Scaling, universality, and renormalization: Three pillars of modern critical phenomena. <i>Rev. Mod. Phys.<\/i> <b>71<\/b>, S358\u2013S366 (1999).<\/li>\n<li>M. R. Yilmaz, S. Chatterjee, Patterns of NBA team performance from 1950 to 1998. <i>Journal of Applied Statistics<\/i>. <b>27<\/b>, 555\u2013566 (2000).<\/li>\n<li>T. McGarry, D. I. Anderson, S. A. Wallace, M. D. Hughes, I. M. Franks, Sport competition as a dynamical self-organizing system. <i>J Sports Sci<\/i>. <b>20<\/b>, 771\u2013781 (2002).<\/li>\n<li>T. Vicsek, Complexity: The bigger picture. <i>Nature<\/i>. <b>418<\/b>, 131 (2002).<\/li>\n<li>R. Sol\u00e9, B. Goodwin, <i>Signs of life: how complexity pervades biology<\/i> (Basic Books, 2002).<\/li>\n<li>M. Scheffer <i>et al.<\/i>, Early-warning signals for critical transitions. <i>Nature<\/i>. <b>461<\/b>, 53\u201359 (2009).<\/li>\n<\/ol>\n[\/vc_column_text][\/vc_column][\/vc_row][vc_row type=&#8221;in_container&#8221; full_screen_row_position=&#8221;middle&#8221; scene_position=&#8221;center&#8221; text_color=&#8221;dark&#8221; text_align=&#8221;left&#8221; overlay_strength=&#8221;0.3&#8243; shape_divider_position=&#8221;bottom&#8221; bg_image_animation=&#8221;none&#8221;][vc_column column_padding=&#8221;no-extra-padding&#8221; column_padding_position=&#8221;all&#8221; background_color_opacity=&#8221;1&#8243; background_hover_color_opacity=&#8221;1&#8243; column_link_target=&#8221;_self&#8221; column_shadow=&#8221;none&#8221; column_border_radius=&#8221;none&#8221; width=&#8221;1\/1&#8243; tablet_width_inherit=&#8221;default&#8221; tablet_text_alignment=&#8221;default&#8221; phone_text_alignment=&#8221;default&#8221; column_border_width=&#8221;none&#8221; column_border_style=&#8221;solid&#8221; bg_image_animation=&#8221;none&#8221;][vc_column_text]\n<h3>Information and registration<\/h3>\n<p>info@dragoid.com[\/vc_column_text][divider line_type=&#8221;Full Width Line&#8221; line_thickness=&#8221;1&#8243; divider_color=&#8221;default&#8221; custom_height=&#8221;50&#8243;][\/vc_column][\/vc_row]\n","protected":false},"excerpt":{"rendered":"<p>[vc_row type=&#8221;full_width_content&#8221; full_screen_row_position=&#8221;middle&#8221; scene_position=&#8221;center&#8221; text_color=&#8221;dark&#8221; text_align=&#8221;left&#8221; top_padding=&#8221;10&#8243; bottom_padding=&#8221;10&#8243; overlay_strength=&#8221;0.3&#8243; shape_divider_position=&#8221;bottom&#8221; bg_image_animation=&#8221;none&#8221; shape_type=&#8221;&#8221;][vc_column column_padding=&#8221;no-extra-padding&#8221; column_padding_position=&#8221;all&#8221; background_color_opacity=&#8221;1&#8243; background_hover_color_opacity=&#8221;1&#8243; column_link_target=&#8221;_self&#8221; column_shadow=&#8221;none&#8221; column_border_radius=&#8221;none&#8221; width=&#8221;1\/1&#8243; tablet_width_inherit=&#8221;default&#8221; tablet_text_alignment=&#8221;default&#8221; phone_text_alignment=&#8221;default&#8221; column_border_width=&#8221;none&#8221; column_border_style=&#8221;solid&#8221; bg_image_animation=&#8221;none&#8221;][vc_gallery type=&#8221;flickity_style&#8221; images=&#8221;584&#8243; flickity_controls=&#8221;pagination&#8221; flickity_desktop_columns=&#8221;1&#8243;&#8230;<\/p>\n","protected":false},"author":27,"featured_media":0,"parent":0,"menu_order":0,"comment_status":"closed","ping_status":"closed","template":"","meta":[],"yoast_head":"<!-- This site is optimized with the Yoast SEO plugin v19.1 - https:\/\/yoast.com\/wordpress\/plugins\/seo\/ -->\n<title>Holistic Training - Palestra Drago<\/title>\n<meta name=\"description\" content=\"To improve your sports performance, this is the most advanced methodology that we have developed using the latest scientific advances.\" \/>\n<meta name=\"robots\" content=\"index, follow, max-snippet:-1, max-image-preview:large, max-video-preview:-1\" \/>\n<link rel=\"canonical\" href=\"https:\/\/dragoid.com\/en\/holistic-training\/\" \/>\n<meta property=\"og:locale\" content=\"en_US\" \/>\n<meta property=\"og:type\" content=\"article\" \/>\n<meta property=\"og:title\" content=\"Holistic Training - Palestra Drago\" \/>\n<meta property=\"og:description\" content=\"To improve your sports performance, this is the most advanced methodology that we have developed using the latest scientific advances.\" \/>\n<meta property=\"og:url\" content=\"https:\/\/dragoid.com\/en\/holistic-training\/\" \/>\n<meta property=\"og:site_name\" content=\"Drago\" \/>\n<meta property=\"article:publisher\" content=\"https:\/\/www.facebook.com\/palestraDrago\/\" \/>\n<meta property=\"article:modified_time\" content=\"2022-06-05T10:42:51+00:00\" \/>\n<meta property=\"og:image\" content=\"https:\/\/dragoid.com\/wp-content\/uploads\/2021\/08\/Logo-Ale.png\" \/>\n\t<meta property=\"og:image:width\" content=\"538\" \/>\n\t<meta property=\"og:image:height\" content=\"539\" \/>\n\t<meta property=\"og:image:type\" content=\"image\/png\" \/>\n<meta name=\"twitter:card\" content=\"summary_large_image\" \/>\n<script type=\"application\/ld+json\" class=\"yoast-schema-graph\">{\"@context\":\"https:\/\/schema.org\",\"@graph\":[{\"@type\":\"Organization\",\"@id\":\"https:\/\/dragoid.com\/#organization\",\"name\":\"Palestra Drago\",\"url\":\"https:\/\/dragoid.com\/\",\"sameAs\":[\"https:\/\/www.instagram.com\/palestradrago\/\",\"https:\/\/es.linkedin.com\/company\/drago-physical-education-research-high-performance-center\",\"https:\/\/www.facebook.com\/palestraDrago\/\"],\"logo\":{\"@type\":\"ImageObject\",\"inLanguage\":\"en-US\",\"@id\":\"https:\/\/dragoid.com\/#\/schema\/logo\/image\/\",\"url\":\"https:\/\/dragoid.com\/wp-content\/uploads\/2021\/08\/Logo-Ale.png\",\"contentUrl\":\"https:\/\/dragoid.com\/wp-content\/uploads\/2021\/08\/Logo-Ale.png\",\"width\":538,\"height\":539,\"caption\":\"Palestra Drago\"},\"image\":{\"@id\":\"https:\/\/dragoid.com\/#\/schema\/logo\/image\/\"}},{\"@type\":\"WebSite\",\"@id\":\"https:\/\/dragoid.com\/#website\",\"url\":\"https:\/\/dragoid.com\/\",\"name\":\"Drago\",\"description\":\"Investigaci\u00f3n y entrenamiento deportivo\",\"publisher\":{\"@id\":\"https:\/\/dragoid.com\/#organization\"},\"potentialAction\":[{\"@type\":\"SearchAction\",\"target\":{\"@type\":\"EntryPoint\",\"urlTemplate\":\"https:\/\/dragoid.com\/?s={search_term_string}\"},\"query-input\":\"required name=search_term_string\"}],\"inLanguage\":\"en-US\"},{\"@type\":\"WebPage\",\"@id\":\"https:\/\/dragoid.com\/en\/holistic-training\/#webpage\",\"url\":\"https:\/\/dragoid.com\/en\/holistic-training\/\",\"name\":\"Holistic Training - Palestra Drago\",\"isPartOf\":{\"@id\":\"https:\/\/dragoid.com\/#website\"},\"datePublished\":\"2017-03-30T01:16:36+00:00\",\"dateModified\":\"2022-06-05T10:42:51+00:00\",\"description\":\"To improve your sports performance, this is the most advanced methodology that we have developed using the latest scientific advances.\",\"breadcrumb\":{\"@id\":\"https:\/\/dragoid.com\/en\/holistic-training\/#breadcrumb\"},\"inLanguage\":\"en-US\",\"potentialAction\":[{\"@type\":\"ReadAction\",\"target\":[\"https:\/\/dragoid.com\/en\/holistic-training\/\"]}]},{\"@type\":\"BreadcrumbList\",\"@id\":\"https:\/\/dragoid.com\/en\/holistic-training\/#breadcrumb\",\"itemListElement\":[{\"@type\":\"ListItem\",\"position\":1,\"name\":\"Portada\",\"item\":\"https:\/\/dragoid.com\/en\/\"},{\"@type\":\"ListItem\",\"position\":2,\"name\":\"Holistic Training\"}]}]}<\/script>\n<!-- \/ Yoast SEO plugin. -->","yoast_head_json":{"title":"Holistic Training - Palestra Drago","description":"To improve your sports performance, this is the most advanced methodology that we have developed using the latest scientific advances.","robots":{"index":"index","follow":"follow","max-snippet":"max-snippet:-1","max-image-preview":"max-image-preview:large","max-video-preview":"max-video-preview:-1"},"canonical":"https:\/\/dragoid.com\/en\/holistic-training\/","og_locale":"en_US","og_type":"article","og_title":"Holistic Training - Palestra Drago","og_description":"To improve your sports performance, this is the most advanced methodology that we have developed using the latest scientific advances.","og_url":"https:\/\/dragoid.com\/en\/holistic-training\/","og_site_name":"Drago","article_publisher":"https:\/\/www.facebook.com\/palestraDrago\/","article_modified_time":"2022-06-05T10:42:51+00:00","og_image":[{"width":538,"height":539,"url":"https:\/\/dragoid.com\/wp-content\/uploads\/2021\/08\/Logo-Ale.png","type":"image\/png"}],"twitter_card":"summary_large_image","schema":{"@context":"https:\/\/schema.org","@graph":[{"@type":"Organization","@id":"https:\/\/dragoid.com\/#organization","name":"Palestra Drago","url":"https:\/\/dragoid.com\/","sameAs":["https:\/\/www.instagram.com\/palestradrago\/","https:\/\/es.linkedin.com\/company\/drago-physical-education-research-high-performance-center","https:\/\/www.facebook.com\/palestraDrago\/"],"logo":{"@type":"ImageObject","inLanguage":"en-US","@id":"https:\/\/dragoid.com\/#\/schema\/logo\/image\/","url":"https:\/\/dragoid.com\/wp-content\/uploads\/2021\/08\/Logo-Ale.png","contentUrl":"https:\/\/dragoid.com\/wp-content\/uploads\/2021\/08\/Logo-Ale.png","width":538,"height":539,"caption":"Palestra Drago"},"image":{"@id":"https:\/\/dragoid.com\/#\/schema\/logo\/image\/"}},{"@type":"WebSite","@id":"https:\/\/dragoid.com\/#website","url":"https:\/\/dragoid.com\/","name":"Drago","description":"Investigaci\u00f3n y entrenamiento deportivo","publisher":{"@id":"https:\/\/dragoid.com\/#organization"},"potentialAction":[{"@type":"SearchAction","target":{"@type":"EntryPoint","urlTemplate":"https:\/\/dragoid.com\/?s={search_term_string}"},"query-input":"required name=search_term_string"}],"inLanguage":"en-US"},{"@type":"WebPage","@id":"https:\/\/dragoid.com\/en\/holistic-training\/#webpage","url":"https:\/\/dragoid.com\/en\/holistic-training\/","name":"Holistic Training - Palestra Drago","isPartOf":{"@id":"https:\/\/dragoid.com\/#website"},"datePublished":"2017-03-30T01:16:36+00:00","dateModified":"2022-06-05T10:42:51+00:00","description":"To improve your sports performance, this is the most advanced methodology that we have developed using the latest scientific advances.","breadcrumb":{"@id":"https:\/\/dragoid.com\/en\/holistic-training\/#breadcrumb"},"inLanguage":"en-US","potentialAction":[{"@type":"ReadAction","target":["https:\/\/dragoid.com\/en\/holistic-training\/"]}]},{"@type":"BreadcrumbList","@id":"https:\/\/dragoid.com\/en\/holistic-training\/#breadcrumb","itemListElement":[{"@type":"ListItem","position":1,"name":"Portada","item":"https:\/\/dragoid.com\/en\/"},{"@type":"ListItem","position":2,"name":"Holistic Training"}]}]}},"_links":{"self":[{"href":"https:\/\/dragoid.com\/en\/wp-json\/wp\/v2\/pages\/579"}],"collection":[{"href":"https:\/\/dragoid.com\/en\/wp-json\/wp\/v2\/pages"}],"about":[{"href":"https:\/\/dragoid.com\/en\/wp-json\/wp\/v2\/types\/page"}],"author":[{"embeddable":true,"href":"https:\/\/dragoid.com\/en\/wp-json\/wp\/v2\/users\/27"}],"replies":[{"embeddable":true,"href":"https:\/\/dragoid.com\/en\/wp-json\/wp\/v2\/comments?post=579"}],"version-history":[{"count":15,"href":"https:\/\/dragoid.com\/en\/wp-json\/wp\/v2\/pages\/579\/revisions"}],"predecessor-version":[{"id":1628,"href":"https:\/\/dragoid.com\/en\/wp-json\/wp\/v2\/pages\/579\/revisions\/1628"}],"wp:attachment":[{"href":"https:\/\/dragoid.com\/en\/wp-json\/wp\/v2\/media?parent=579"}],"curies":[{"name":"wp","href":"https:\/\/api.w.org\/{rel}","templated":true}]}}